{"id":1023,"date":"2013-04-03T16:26:07","date_gmt":"2013-04-03T16:26:07","guid":{"rendered":"http:\/\/www.kriesi.at\/themes\/enfold\/?page_id=1023"},"modified":"2023-04-24T10:09:06","modified_gmt":"2023-04-24T10:09:06","slug":"steuerberaterin-dortmund-2","status":"publish","type":"page","link":"https:\/\/www.stb-wenndorf.de\/","title":{"rendered":"Steuerberaterin Dortmund"},"content":{"rendered":"<div id='layer_slider_1' class='avia-layerslider main_color avia-shadow  container_wrap sidebar_right'    style='height: 421px;' ><\/div>\n<div class=\"flex_column av_one_fourth  flex_column_div first  \" ><article class=\"iconbox iconbox_left  \"  itemscope=\"itemscope\" itemtype=\"https:\/\/schema.org\/CreativeWork\" ><div class=\"iconbox_content\"><header class=\"entry-content-header\"><div class=\"iconbox_icon heading-color\" aria-hidden='true' data-av_icon='\ue8c0' data-av_iconfont='entypo-fontello'  ><\/div><h3 class='iconbox_content_title'  itemprop=\"headline\"  ><a href='https:\/\/www.stb-wenndorf.de\/index.php\/leistungen\/' title='Jahresabschluss'  target=\"_blank\"  >Jahresabschluss<\/a><\/h3><\/header><div class='iconbox_content_container '  itemprop=\"text\"  ><p>Fachlich kompetent bearbeiten wir Ihren Jahresabschluss unabh\u00e4ngig von der Rechtsform Ihrer Unternehmung. Wir unterst\u00fctzen Sie von der einfachen Einnahmen-\u00dcberschuss-Rechnung f\u00fcr kleinere Firmen und Freiberufler bis hin zum Jahresabschluss bilanzierender Unternehmen.<\/p>\n<p><a href=\"https:\/\/www.stb-wenndorf.de\/index.php\/leistungen\/#toggle-id-3\" target=\"_blank\" rel=\"noopener\">Lesen Sie mehr<\/a><\/p>\n<\/div><\/div><footer class=\"entry-footer\"><\/footer><\/article><\/div>\n<div class=\"flex_column av_one_fourth  flex_column_div av-zero-column-padding   \" style='border-radius:0px; '><article class=\"iconbox iconbox_left  \"  itemscope=\"itemscope\" itemtype=\"https:\/\/schema.org\/CreativeWork\" ><div class=\"iconbox_content\"><header class=\"entry-content-header\"><div class=\"iconbox_icon heading-color\" aria-hidden='true' data-av_icon='\ue8c0' data-av_iconfont='entypo-fontello'  ><\/div><h3 class='iconbox_content_title'  itemprop=\"headline\"  ><a href='https:\/\/www.stb-wenndorf.de\/index.php\/leistungen\/' title='Steuerberatung'  target=\"_blank\"  >Steuerberatung<\/a><\/h3><\/header><div class='iconbox_content_container '  itemprop=\"text\"  ><p>Wir erstellten f\u00fcr Sie s\u00e4mtliche betriebliche und private Steuererkl\u00e4rungen. Sorgf\u00e4ltig pr\u00fcfen wir erhaltene Steuerbescheide und unterst\u00fctzen Sie bei der Durchsetzung Ihrer Interessen in Betriebspr\u00fcfungen sowie im au\u00dfergerichtlichen und gerichtlichen Rechtsbehelfsverfahren.<\/p>\n<p><a href=\"https:\/\/www.stb-wenndorf.de\/index.php\/leistungen\/#toggle-id-8\" target=\"_blank\" rel=\"noopener\">Lesen Sie mehr<\/a><\/p>\n<\/div><\/div><footer class=\"entry-footer\"><\/footer><\/article><\/div>\n<div class=\"flex_column av_one_fourth  flex_column_div av-zero-column-padding   \" style='border-radius:0px; '><article class=\"iconbox iconbox_left  \"  itemscope=\"itemscope\" itemtype=\"https:\/\/schema.org\/CreativeWork\" ><div class=\"iconbox_content\"><header class=\"entry-content-header\"><div class=\"iconbox_icon heading-color\" aria-hidden='true' data-av_icon='\ue8c0' data-av_iconfont='entypo-fontello'  ><\/div><h3 class='iconbox_content_title'  itemprop=\"headline\"  ><a href='https:\/\/www.stb-wenndorf.de\/index.php\/leistungen\/' title='Lohn &amp; Gehalt'  target=\"_blank\"  >Lohn &amp; Gehalt<\/a><\/h3><\/header><div class='iconbox_content_container '  itemprop=\"text\"  ><p>Wir erstellen zuverl\u00e4ssig und rechtssicher die monatlichen Lohn- und Gehaltsabrechnungen f\u00fcr Ihr Unternehmen, f\u00fchren die Lohnkonten und \u00fcbernehmen die Sozialversicherungsmeldungen. Gerne unterst\u00fctzen wir Sie bei der digitalen Weitergabe der Lohn- und Gehaltsdokumente mit DATEV Arbeitnehmer Online.<\/p>\n<p><a href=\"https:\/\/www.stb-wenndorf.de\/index.php\/leistungen\/#toggle-id-2\" target=\"_blank\" rel=\"noopener\">Lesen Sie mehr<\/a><\/p>\n<\/div><\/div><footer class=\"entry-footer\"><\/footer><\/article><\/div>\n<div class=\"flex_column av_one_fourth  flex_column_div av-zero-column-padding   \" style='border-radius:0px; '><article class=\"iconbox iconbox_left  \"  itemscope=\"itemscope\" itemtype=\"https:\/\/schema.org\/CreativeWork\" ><div class=\"iconbox_content\"><header class=\"entry-content-header\"><div class=\"iconbox_icon heading-color\" aria-hidden='true' data-av_icon='\ue8c0' data-av_iconfont='entypo-fontello'  ><\/div><h3 class='iconbox_content_title'  itemprop=\"headline\"  ><a href='https:\/\/www.stb-wenndorf.de\/index.php\/leistungen\/' title='Buchf\u00fchrung'  target=\"_blank\"  >Buchf\u00fchrung<\/a><\/h3><\/header><div class='iconbox_content_container '  itemprop=\"text\"  ><p>Wir unterst\u00fctzen Sie bei Ihrer Buchf\u00fchrung &#8211; anteilig oder komplett. Wir kontieren, erstellen Steueranmeldungen und liefern aktuellste Auswertungen f\u00fcr eine erfolgreiche Unternehmensf\u00fchrung. Haben Sie zur Einrichtung einer Onlinebuchf\u00fchrung mit DATEV Unternehmen Online Fragen, sprechen Sie uns gerne an.<\/p>\n<p><a href=\"https:\/\/www.stb-wenndorf.de\/index.php\/leistungen\/#toggle-id-1\" target=\"_blank\" rel=\"noopener\">Lesen Sie mehr<\/a><\/p>\n<\/div><\/div><footer class=\"entry-footer\"><\/footer><\/article><\/div>\n<div  class='hr hr-full hr-shadow '><span class='hr-inner ' ><span class='hr-inner-style'><\/span><\/span><\/div>\n<div class=\"flex_column av_one_half  flex_column_div av-zero-column-padding first  \" style='border-radius:0px; '><section class=\"av_textblock_section\"  itemscope=\"itemscope\" itemtype=\"https:\/\/schema.org\/CreativeWork\" ><div class='avia_textblock  av_inherit_color'  style='color:#ffbf00; '  itemprop=\"text\" ><h1 style=\"text-align: right;\">Steuerberaterin Wenndorf<\/h1>\n<\/div><\/section><br \/>\n<div  class='hr hr-short hr-right '><span class='hr-inner ' ><span class='hr-inner-style'><\/span><\/span><\/div><br \/>\n<section class=\"av_textblock_section\"  itemscope=\"itemscope\" itemtype=\"https:\/\/schema.org\/CreativeWork\" ><div class='avia_textblock '   itemprop=\"text\" ><p>Wir m\u00f6chten Sie herzlich auf unserer Website begr\u00fc\u00dfen und laden Sie ein, sich einen \u00dcberblick \u00fcber uns und unsere Leistungen zu verschaffen. Wir sind in allen Bereichen der steuer- und betriebswirtschaftlichen Beratung t\u00e4tig und bieten Ihnen eine ganzheitliche und zuverl\u00e4ssige Beratung.<\/p>\n<p>Wir bieten Privatpersonen, Freiberuflern und Unternehmen mit unterschiedlichen Rechtsformen eine vorausschauende und ma\u00dfgeschneiderte L\u00f6sung f\u00fcr eine sinnvolle steuerliche Gestaltung an.<\/p>\n<p>Als partnerschaftlicher Steuerberater unterst\u00fctzen wir Sie bei der Anfertigung von privaten und betrieblichen Steuererkl\u00e4rungen, der Erstellung von Gewinnermittlungen und Jahresabschl\u00fcssen sowie der Bearbeitung von Finanz- und Lohnbuchhaltungen. Existenzgr\u00fcnder begleiten wir sicher auf Ihrem Weg in die Selbstst\u00e4ndigkeit<\/p>\n<\/div><\/section><\/p><\/div>\n<div class=\"flex_column av_one_half  flex_column_div av-zero-column-padding   \" style='border-radius:0px; '><section class=\"av_textblock_section\"  itemscope=\"itemscope\" itemtype=\"https:\/\/schema.org\/CreativeWork\" ><div class='avia_textblock  av_inherit_color'  style='color:#ffbf00; '  itemprop=\"text\" ><h1 style=\"text-align: left;\">Steuerberatung Dortmund<\/h1>\n<\/div><\/section><br \/>\n<div  class='hr hr-short hr-left '><span class='hr-inner ' ><span class='hr-inner-style'><\/span><\/span><\/div><br \/>\n<section class=\"av_textblock_section\"  itemscope=\"itemscope\" itemtype=\"https:\/\/schema.org\/CreativeWork\" ><div class='avia_textblock '   itemprop=\"text\" ><p>Die pers\u00f6nliche Beratung und individuelle Betreuung stehen bei uns an erster Stelle.<\/p>\n<p>Sie finden uns <a href=\"https:\/\/www.stb-wenndorf.de\/index.php\/kontakt\/\">hier<\/a>\u00a0am Rande des Rombergparks in Dortmund.<\/p>\n<p>Sie haben noch Fragen? Rufen Sie uns gerne an und vereinbaren Sie mit uns einen Beratungstermin.<\/p>\n<p><strong>Wir freuen uns auf Sie.<\/strong><\/p>\n<\/div><\/section><\/p><\/div><div  class='hr hr-full hr-shadow '><span class='hr-inner ' ><span class='hr-inner-style'><\/span><\/span><\/div><\/p>\n<div class=\"flex_column av_one_full  flex_column_div av-zero-column-padding first  \" style='border-radius:0px; '><section class=\"av_textblock_section\"  itemscope=\"itemscope\" itemtype=\"https:\/\/schema.org\/CreativeWork\" ><div class='avia_textblock '   itemprop=\"text\" ><p><!-- ProvenExpert Bewertungssiegel --><\/p>\n<div id=\"pewl\"><\/div>\n<p><script type=\"text\/javascript\" src=\"https:\/\/www.provenexpert.com\/widget\/landing_steuerberaterin-jennifer-wenndorf.js?feedback=1&#038;avatar=0&#038;competence=1&#038;style=black\"><\/script><br \/>\n<!-- ProvenExpert Bewertungssiegel Ende --><\/p>\n<\/div><\/section><\/div>\n<div  class='hr hr-full hr-shadow '><span class='hr-inner ' ><span class='hr-inner-style'><\/span><\/span><\/div>\n<div class=\"flex_column av_one_third  flex_column_div av-zero-column-padding first  \" style='border-radius:0px; '><div class='avia-image-container  av-styling-   avia-align-right '  itemscope=\"itemscope\" itemtype=\"https:\/\/schema.org\/ImageObject\"  ><div class='avia-image-container-inner'><a href='https:\/\/www.steuerberaterkammer-westfalen-lippe.de\/' class='avia_image'   target=\"_blank\" ><img class='avia_image ' src='https:\/\/www.stb-wenndorf.de\/wp-content\/uploads\/2013\/04\/Stbk-Mitglieder-Logo-430breit-300x144.jpg' alt='' title='Stbk-Mitglieder-Logo-430breit'  itemprop=\"contentURL\"  \/><\/a><\/div><\/div><\/div>\n<div class=\"flex_column av_one_third  flex_column_div av-zero-column-padding   \" style='border-radius:0px; '><div class='avia-image-container  av-styling-   avia-align-center '  itemscope=\"itemscope\" itemtype=\"https:\/\/schema.org\/ImageObject\"  ><div class='avia-image-container-inner'><img class='avia_image ' src='https:\/\/www.stb-wenndorf.de\/wp-content\/uploads\/2017\/09\/datev-mitglied-steuerberater-dortmund-k.jpg' alt='' title='datev-mitglied-steuerberater-dortmund-k'   itemprop=\"contentURL\"  \/><\/div><\/div><\/div>\n<div class=\"flex_column av_one_third  flex_column_div av-zero-column-padding   \" style='border-radius:0px; '><div class='avia-image-container  av-styling-   avia-align-left '  itemscope=\"itemscope\" itemtype=\"https:\/\/schema.org\/ImageObject\"  ><div class='avia-image-container-inner'><img class='avia_image ' src='https:\/\/www.stb-wenndorf.de\/wp-content\/uploads\/2013\/04\/Logo_Ihr-Steuerberater-430breit-300x177.jpg' alt='' title='Logo_Ihr Steuerberater-430breit'   itemprop=\"contentURL\"  \/><\/div><\/div><\/div>\n","protected":false},"excerpt":{"rendered":"<p>This is a Page excerpt. It will be displayed for search results<\/p>\n","protected":false},"author":1,"featured_media":0,"parent":0,"menu_order":0,"comment_status":"open","ping_status":"open","template":"","meta":[],"yoast_head":"<!-- This site is optimized with the Yoast SEO plugin v20.0 - https:\/\/yoast.com\/wordpress\/plugins\/seo\/ -->\n<title>Steuerberater Dortmund | Jennifer Wenndorf - Steuerberaterin Dortmund<\/title>\n<meta name=\"description\" content=\"Steuerberater Dortmund | Kompetente Beratung durch Jennifer Wenndorf- Steuerberaterin | Die Steuerkanzlei f\u00fcr Privatpersonen, freie Berufe und Firmen.\" \/>\n<meta name=\"robots\" content=\"index, follow, max-snippet:-1, max-image-preview:large, max-video-preview:-1\" \/>\n<link rel=\"canonical\" href=\"https:\/\/www.stb-wenndorf.de\/\" \/>\n<meta property=\"og:locale\" content=\"de_DE\" \/>\n<meta property=\"og:type\" content=\"article\" \/>\n<meta property=\"og:title\" content=\"Steuerberater Dortmund | Jennifer Wenndorf - Steuerberaterin Dortmund\" \/>\n<meta property=\"og:description\" content=\"Steuerberater Dortmund | Kompetente Beratung durch Jennifer Wenndorf- Steuerberaterin | Die Steuerkanzlei f\u00fcr Privatpersonen, freie Berufe und Firmen.\" \/>\n<meta property=\"og:url\" content=\"https:\/\/www.stb-wenndorf.de\/\" \/>\n<meta property=\"og:site_name\" content=\"Steuerberaterin Wenndorf Dortmund\" \/>\n<meta property=\"article:modified_time\" content=\"2023-04-24T10:09:06+00:00\" \/>\n<meta name=\"twitter:card\" content=\"summary_large_image\" \/>\n<meta name=\"twitter:label1\" content=\"Gesch\u00e4tzte Lesezeit\" \/>\n\t<meta name=\"twitter:data1\" content=\"4\u00a0Minuten\" \/>\n<script type=\"application\/ld+json\" class=\"yoast-schema-graph\">{\"@context\":\"https:\/\/schema.org\",\"@graph\":[{\"@type\":\"WebPage\",\"@id\":\"https:\/\/www.stb-wenndorf.de\/\",\"url\":\"https:\/\/www.stb-wenndorf.de\/\",\"name\":\"Steuerberater Dortmund | Jennifer Wenndorf - Steuerberaterin Dortmund\",\"isPartOf\":{\"@id\":\"https:\/\/www.stb-wenndorf.de\/#website\"},\"datePublished\":\"2013-04-03T16:26:07+00:00\",\"dateModified\":\"2023-04-24T10:09:06+00:00\",\"description\":\"Steuerberater Dortmund | Kompetente Beratung durch Jennifer Wenndorf- Steuerberaterin | Die Steuerkanzlei f\u00fcr Privatpersonen, freie Berufe und Firmen.\",\"breadcrumb\":{\"@id\":\"https:\/\/www.stb-wenndorf.de\/#breadcrumb\"},\"inLanguage\":\"de\",\"potentialAction\":[{\"@type\":\"ReadAction\",\"target\":[\"https:\/\/www.stb-wenndorf.de\/\"]}]},{\"@type\":\"BreadcrumbList\",\"@id\":\"https:\/\/www.stb-wenndorf.de\/#breadcrumb\",\"itemListElement\":[{\"@type\":\"ListItem\",\"position\":1,\"name\":\"Startseite\",\"item\":\"https:\/\/www.stb-wenndorf.de\/\"},{\"@type\":\"ListItem\",\"position\":2,\"name\":\"Steuerberaterin Dortmund\"}]},{\"@type\":\"WebSite\",\"@id\":\"https:\/\/www.stb-wenndorf.de\/#website\",\"url\":\"https:\/\/www.stb-wenndorf.de\/\",\"name\":\"Steuerberaterin Wenndorf Dortmund\",\"description\":\"\",\"potentialAction\":[{\"@type\":\"SearchAction\",\"target\":{\"@type\":\"EntryPoint\",\"urlTemplate\":\"https:\/\/www.stb-wenndorf.de\/?s={search_term_string}\"},\"query-input\":\"required name=search_term_string\"}],\"inLanguage\":\"de\"}]}<\/script>\n<!-- \/ Yoast SEO plugin. -->","yoast_head_json":{"title":"Steuerberater Dortmund | Jennifer Wenndorf - Steuerberaterin Dortmund","description":"Steuerberater Dortmund | Kompetente Beratung durch Jennifer Wenndorf- Steuerberaterin | Die Steuerkanzlei f\u00fcr Privatpersonen, freie Berufe und Firmen.","robots":{"index":"index","follow":"follow","max-snippet":"max-snippet:-1","max-image-preview":"max-image-preview:large","max-video-preview":"max-video-preview:-1"},"canonical":"https:\/\/www.stb-wenndorf.de\/","og_locale":"de_DE","og_type":"article","og_title":"Steuerberater Dortmund | Jennifer Wenndorf - Steuerberaterin Dortmund","og_description":"Steuerberater Dortmund | Kompetente Beratung durch Jennifer Wenndorf- Steuerberaterin | Die Steuerkanzlei f\u00fcr Privatpersonen, freie Berufe und Firmen.","og_url":"https:\/\/www.stb-wenndorf.de\/","og_site_name":"Steuerberaterin Wenndorf Dortmund","article_modified_time":"2023-04-24T10:09:06+00:00","twitter_card":"summary_large_image","twitter_misc":{"Gesch\u00e4tzte Lesezeit":"4\u00a0Minuten"},"schema":{"@context":"https:\/\/schema.org","@graph":[{"@type":"WebPage","@id":"https:\/\/www.stb-wenndorf.de\/","url":"https:\/\/www.stb-wenndorf.de\/","name":"Steuerberater Dortmund | Jennifer Wenndorf - Steuerberaterin Dortmund","isPartOf":{"@id":"https:\/\/www.stb-wenndorf.de\/#website"},"datePublished":"2013-04-03T16:26:07+00:00","dateModified":"2023-04-24T10:09:06+00:00","description":"Steuerberater Dortmund | Kompetente Beratung durch Jennifer Wenndorf- Steuerberaterin | Die Steuerkanzlei f\u00fcr Privatpersonen, freie Berufe und Firmen.","breadcrumb":{"@id":"https:\/\/www.stb-wenndorf.de\/#breadcrumb"},"inLanguage":"de","potentialAction":[{"@type":"ReadAction","target":["https:\/\/www.stb-wenndorf.de\/"]}]},{"@type":"BreadcrumbList","@id":"https:\/\/www.stb-wenndorf.de\/#breadcrumb","itemListElement":[{"@type":"ListItem","position":1,"name":"Startseite","item":"https:\/\/www.stb-wenndorf.de\/"},{"@type":"ListItem","position":2,"name":"Steuerberaterin Dortmund"}]},{"@type":"WebSite","@id":"https:\/\/www.stb-wenndorf.de\/#website","url":"https:\/\/www.stb-wenndorf.de\/","name":"Steuerberaterin Wenndorf Dortmund","description":"","potentialAction":[{"@type":"SearchAction","target":{"@type":"EntryPoint","urlTemplate":"https:\/\/www.stb-wenndorf.de\/?s={search_term_string}"},"query-input":"required name=search_term_string"}],"inLanguage":"de"}]}},"_links":{"self":[{"href":"https:\/\/www.stb-wenndorf.de\/index.php\/wp-json\/wp\/v2\/pages\/1023"}],"collection":[{"href":"https:\/\/www.stb-wenndorf.de\/index.php\/wp-json\/wp\/v2\/pages"}],"about":[{"href":"https:\/\/www.stb-wenndorf.de\/index.php\/wp-json\/wp\/v2\/types\/page"}],"author":[{"embeddable":true,"href":"https:\/\/www.stb-wenndorf.de\/index.php\/wp-json\/wp\/v2\/users\/1"}],"replies":[{"embeddable":true,"href":"https:\/\/www.stb-wenndorf.de\/index.php\/wp-json\/wp\/v2\/comments?post=1023"}],"version-history":[{"count":36,"href":"https:\/\/www.stb-wenndorf.de\/index.php\/wp-json\/wp\/v2\/pages\/1023\/revisions"}],"predecessor-version":[{"id":3645,"href":"https:\/\/www.stb-wenndorf.de\/index.php\/wp-json\/wp\/v2\/pages\/1023\/revisions\/3645"}],"wp:attachment":[{"href":"https:\/\/www.stb-wenndorf.de\/index.php\/wp-json\/wp\/v2\/media?parent=1023"}],"curies":[{"name":"wp","href":"https:\/\/api.w.org\/{rel}","templated":true}]}}