{"id":3257,"date":"2017-09-27T08:55:21","date_gmt":"2017-09-27T08:55:21","guid":{"rendered":"https:\/\/www.stb-wenndorf.de\/?page_id=3257"},"modified":"2023-04-21T14:24:48","modified_gmt":"2023-04-21T14:24:48","slug":"impressum","status":"publish","type":"page","link":"https:\/\/www.stb-wenndorf.de\/index.php\/impressum\/","title":{"rendered":"Impressum"},"content":{"rendered":"<section class=\"av_textblock_section\"  itemscope=\"itemscope\" itemtype=\"https:\/\/schema.org\/CreativeWork\" ><div class='avia_textblock '   itemprop=\"text\" ><p><strong>Informationen nach \u00a7 6 Teledienstegesetz<\/strong><\/p>\n<p>Steuerberaterin<br \/>\nJennifer Wenndorf-Abraham, M.A. (Taxation)<\/p>\n<p>ist an dem folgenden Standort niedergelassen und wie folgt erreichbar:<\/p>\n<p>Stargarder Weg 1<br \/>\n44225 Dortmund<br \/>\nTelefon: +49 231 534 82 911<br \/>\nTelefax: +49 231 534 82 912<br \/>\nE-mail: info@stb-wenndorf.de<br \/>\nInternet: <a href=\"http:\/\/www.stb-wenndorf.de\">www.stb-wenndorf.de<\/a><\/p>\n<p><strong>Umsatzsteuer-Identifikationsnummer<\/strong><br \/>\nDE 313190427<\/p>\n<p>Verantwortlich f\u00fcr die Inhalte dieses Internetangebots im Sinne von \u00a7 6 Mediendienstestaatsvertrag (MDStV) ist Frau Jennifer Wenndorf-Abraham, Stargarder Weg 1, 44225 Dortmund.<\/p>\n<p><strong>Berufshaftpflichtversicherung<\/strong><br \/>\nDie berufliche T\u00e4tigkeit ist abgesichert durch eine Verm\u00f6gensschaden-Haftpflichtversicherung bei der Allianz Versicherungs-Aktiengesellschaft, 10900 Berlin, diese gilt EU-weit in Zusammenhang mit den versicherten Risiken.<\/p>\n<p><strong>Zust\u00e4ndige Aufsichtsbeh\u00f6rde der Steuerberater<\/strong><br \/>\nSteuerberaterkammer Westfalen-Lippe (K.d.\u00f6.R.)<br \/>\nErphosstra\u00dfe 43<br \/>\n48145 M\u00fcnster<br \/>\nDeutschland<br \/>\nTelefon: 0 25 1 \/ 41 76 40<br \/>\nWebsite: <a href=\"http:\/\/www.steuerberaterkammer-westfalen-lippe.de\" target=\"_blank\" rel=\"noopener\">www.steuerberaterkammer-westfalen-lippe.de<\/a><\/p>\n<p><strong><br \/>\nBerufsbezeichnung<\/strong><br \/>\nDie Berufsbezeichnung \u201eSteuerberaterin\u201c ist eine gesetzliche Berufsbezeichnung und wurde in der Bundesrepublik Deutschland verliehen. Der Berufsstand der Steuerberater unterliegt im Wesentlichen den nachstehenden berufsrechtlichen Regelungen.<\/p>\n<ul>\n<li>Steuerberatungsgesetz (StBerG)<\/li>\n<li>Durchf\u00fchrungsverordnung zum Steuerberatungsgesetz (DVStB)<\/li>\n<li>Berufsordnung der Bundessteuerberaterkammer (BOStB)<br \/>\nSteuerberatergeb\u00fchrenverordnung (StBGebV)<\/li>\n<li>Steuerberaterverg\u00fctungsverordnung (StBVV)<\/li>\n<\/ul>\n<p>Die Regelungen k\u00f6nnen bei der Bundessteuerberaterkammer unter<a href=\"http:\/\/www.bstbk.de\" target=\"_blank\" rel=\"noopener\"> www.bstbk.de<\/a> eingesehen werden.<\/p>\n<p><strong>Bildnachweise:<\/strong><br \/>\nFotolia-Fotodatenbank, www.fotolia.de, Lizenzen f\u00fcr Onlinegebrauch erworben.<br \/>\n\u00a9 2017, =\u00a0Andrey Popov, blende11.photo, Coloures-Pic, Darius, Friedberg, hd-design, made_by_nana,<br \/>\nmattz90, Stockfotos-MG, Thomas Francois<\/p>\n<p>Portraitfoto durch Fotostudio, Nutzungsrechte f\u00fcr Onlinegebrauch erworben.<br \/>\n\u00a9 2017,<\/p>\n<p>Streitbeilegung:<br \/>\nDie Europ\u00e4ische Kommission stellt eine Plattform f\u00fcr die au\u00dfergerichtliche Online-Streitbeilegung (OS-Plattform) bereit, aufrufbar unter <a href=\"http:\/\/ec.europa.eu\/odr\">http:\/\/ec.europa.eu\/odr<\/a>.<br \/>\nWir nehmen nicht an einem Streitbeilegungsverfahren vor einer Verbraucherschlichtungsstelle teil.<\/p>\n<p><a href=\"https:\/\/www.stb-wenndorf.de\/index.php\/datenschutz\/\">Zur Datenschutzerkl\u00e4rung<\/a><\/p>\n<p><strong>Webseiten Erstellung:<br \/>\n<\/strong>Diese Internetpr\u00e4senz wurde realisiert von <a href=\"http:\/\/www.webtechnik.net\">Webtechnik.net<\/a><\/p>\n<p><strong>Mitgliedschaften:<br \/>\n<\/strong><\/p>\n<\/div><\/section>\n<div class=\"flex_column av_one_half  flex_column_div av-zero-column-padding first  \" style='border-radius:0px; '><section class=\"av_textblock_section\"  itemscope=\"itemscope\" itemtype=\"https:\/\/schema.org\/CreativeWork\" ><div class='avia_textblock '   itemprop=\"text\" ><p><img decoding=\"async\" loading=\"lazy\" class=\"alignleft size-full wp-image-3478\" src=\"https:\/\/www.stb-wenndorf.de\/wp-content\/uploads\/2017\/12\/datev-mitglied-steuerberater-dortmund-k.jpg\" alt=\"\" width=\"150\" height=\"145\" srcset=\"https:\/\/www.stb-wenndorf.de\/wp-content\/uploads\/2017\/12\/datev-mitglied-steuerberater-dortmund-k.jpg 150w, https:\/\/www.stb-wenndorf.de\/wp-content\/uploads\/2017\/12\/datev-mitglied-steuerberater-dortmund-k-36x36.jpg 36w, https:\/\/www.stb-wenndorf.de\/wp-content\/uploads\/2017\/12\/datev-mitglied-steuerberater-dortmund-k-20x20.jpg 20w\" sizes=\"(max-width: 150px) 100vw, 150px\" \/>Datev eG<br \/>\nPaumgartnerstra\u00dfe 6-14<br \/>\n90429 N\u00fcrnberg<br \/>\n<a href=\"http:\/\/www.datev.de\" target=\"_blank\" rel=\"noopener\">www.datev.de<\/a><\/p>\n<\/div><\/section><\/div>\n<div class=\"flex_column av_one_half  flex_column_div av-zero-column-padding   \" style='border-radius:0px; '><section class=\"av_textblock_section\"  itemscope=\"itemscope\" itemtype=\"https:\/\/schema.org\/CreativeWork\" ><div class='avia_textblock '   itemprop=\"text\" ><p><img decoding=\"async\" loading=\"lazy\" class=\"alignleft size-square wp-image-3480\" src=\"https:\/\/www.stb-wenndorf.de\/wp-content\/uploads\/2017\/12\/stbk-mitglied-k-180x98.jpg\" alt=\"\" width=\"180\" height=\"98\" srcset=\"https:\/\/www.stb-wenndorf.de\/wp-content\/uploads\/2017\/12\/stbk-mitglied-k-180x98.jpg 180w, https:\/\/www.stb-wenndorf.de\/wp-content\/uploads\/2017\/12\/stbk-mitglied-k-20x10.jpg 20w\" sizes=\"(max-width: 180px) 100vw, 180px\" \/><span style=\"font-size: 0.9rem;\">Steuerberaterkammer Westfalen-Lippe K.d.\u00f6.R.<br \/>\n<\/span>Erphostra\u00dfe 43<br \/>\n48145 M\u00fcnster<br \/>\n<a href=\"http:\/\/www.steuerberaterkammer-westfalen-lippe.de\" target=\"_blank\" rel=\"noopener\"><span style=\"font-size: 0.9rem;\">www.steuerberaterkammer-westfalen-lippe.de<\/span><\/a><\/p>\n<\/div><\/section><\/div>\n","protected":false},"excerpt":{"rendered":"","protected":false},"author":1,"featured_media":0,"parent":0,"menu_order":0,"comment_status":"closed","ping_status":"closed","template":"","meta":[],"yoast_head":"<!-- This site is optimized with the Yoast SEO plugin v20.0 - https:\/\/yoast.com\/wordpress\/plugins\/seo\/ -->\n<title>Impressum - Steuerberaterin Wenndorf, Dortmund<\/title>\n<meta name=\"description\" content=\"Hier finden Sie das Impressum von www.stb-wenndorf.de, Wirtschaftsjuristin, LL.B. Steuerberaterin aus und in Dortmund.....\" \/>\n<meta name=\"robots\" content=\"index, follow, max-snippet:-1, max-image-preview:large, max-video-preview:-1\" \/>\n<link rel=\"canonical\" href=\"https:\/\/www.stb-wenndorf.de\/index.php\/impressum\/\" \/>\n<meta property=\"og:locale\" content=\"de_DE\" \/>\n<meta property=\"og:type\" content=\"article\" \/>\n<meta property=\"og:title\" content=\"Impressum - Steuerberaterin Wenndorf, Dortmund\" \/>\n<meta property=\"og:description\" content=\"Hier finden Sie das Impressum von www.stb-wenndorf.de, Wirtschaftsjuristin, LL.B. Steuerberaterin aus und in Dortmund.....\" \/>\n<meta property=\"og:url\" content=\"https:\/\/www.stb-wenndorf.de\/index.php\/impressum\/\" \/>\n<meta property=\"og:site_name\" content=\"Steuerberaterin Wenndorf Dortmund\" \/>\n<meta property=\"article:modified_time\" content=\"2023-04-21T14:24:48+00:00\" \/>\n<meta property=\"og:image\" content=\"https:\/\/www.stb-wenndorf.de\/wp-content\/uploads\/2017\/12\/datev-mitglied-steuerberater-dortmund-k.jpg\" \/>\n<meta name=\"twitter:card\" content=\"summary_large_image\" \/>\n<meta name=\"twitter:label1\" content=\"Gesch\u00e4tzte Lesezeit\" \/>\n\t<meta name=\"twitter:data1\" content=\"3\u00a0Minuten\" \/>\n<script type=\"application\/ld+json\" class=\"yoast-schema-graph\">{\"@context\":\"https:\/\/schema.org\",\"@graph\":[{\"@type\":\"WebPage\",\"@id\":\"https:\/\/www.stb-wenndorf.de\/index.php\/impressum\/\",\"url\":\"https:\/\/www.stb-wenndorf.de\/index.php\/impressum\/\",\"name\":\"Impressum - Steuerberaterin Wenndorf, Dortmund\",\"isPartOf\":{\"@id\":\"https:\/\/www.stb-wenndorf.de\/#website\"},\"datePublished\":\"2017-09-27T08:55:21+00:00\",\"dateModified\":\"2023-04-21T14:24:48+00:00\",\"description\":\"Hier finden Sie das Impressum von www.stb-wenndorf.de, Wirtschaftsjuristin, LL.B. Steuerberaterin aus und in Dortmund.....\",\"breadcrumb\":{\"@id\":\"https:\/\/www.stb-wenndorf.de\/index.php\/impressum\/#breadcrumb\"},\"inLanguage\":\"de\",\"potentialAction\":[{\"@type\":\"ReadAction\",\"target\":[\"https:\/\/www.stb-wenndorf.de\/index.php\/impressum\/\"]}]},{\"@type\":\"BreadcrumbList\",\"@id\":\"https:\/\/www.stb-wenndorf.de\/index.php\/impressum\/#breadcrumb\",\"itemListElement\":[{\"@type\":\"ListItem\",\"position\":1,\"name\":\"Startseite\",\"item\":\"https:\/\/www.stb-wenndorf.de\/\"},{\"@type\":\"ListItem\",\"position\":2,\"name\":\"Impressum\"}]},{\"@type\":\"WebSite\",\"@id\":\"https:\/\/www.stb-wenndorf.de\/#website\",\"url\":\"https:\/\/www.stb-wenndorf.de\/\",\"name\":\"Steuerberaterin Wenndorf Dortmund\",\"description\":\"\",\"potentialAction\":[{\"@type\":\"SearchAction\",\"target\":{\"@type\":\"EntryPoint\",\"urlTemplate\":\"https:\/\/www.stb-wenndorf.de\/?s={search_term_string}\"},\"query-input\":\"required name=search_term_string\"}],\"inLanguage\":\"de\"}]}<\/script>\n<!-- \/ Yoast SEO plugin. -->","yoast_head_json":{"title":"Impressum - Steuerberaterin Wenndorf, Dortmund","description":"Hier finden Sie das Impressum von www.stb-wenndorf.de, Wirtschaftsjuristin, LL.B. Steuerberaterin aus und in Dortmund.....","robots":{"index":"index","follow":"follow","max-snippet":"max-snippet:-1","max-image-preview":"max-image-preview:large","max-video-preview":"max-video-preview:-1"},"canonical":"https:\/\/www.stb-wenndorf.de\/index.php\/impressum\/","og_locale":"de_DE","og_type":"article","og_title":"Impressum - Steuerberaterin Wenndorf, Dortmund","og_description":"Hier finden Sie das Impressum von www.stb-wenndorf.de, Wirtschaftsjuristin, LL.B. Steuerberaterin aus und in Dortmund.....","og_url":"https:\/\/www.stb-wenndorf.de\/index.php\/impressum\/","og_site_name":"Steuerberaterin Wenndorf Dortmund","article_modified_time":"2023-04-21T14:24:48+00:00","og_image":[{"url":"https:\/\/www.stb-wenndorf.de\/wp-content\/uploads\/2017\/12\/datev-mitglied-steuerberater-dortmund-k.jpg"}],"twitter_card":"summary_large_image","twitter_misc":{"Gesch\u00e4tzte Lesezeit":"3\u00a0Minuten"},"schema":{"@context":"https:\/\/schema.org","@graph":[{"@type":"WebPage","@id":"https:\/\/www.stb-wenndorf.de\/index.php\/impressum\/","url":"https:\/\/www.stb-wenndorf.de\/index.php\/impressum\/","name":"Impressum - Steuerberaterin Wenndorf, Dortmund","isPartOf":{"@id":"https:\/\/www.stb-wenndorf.de\/#website"},"datePublished":"2017-09-27T08:55:21+00:00","dateModified":"2023-04-21T14:24:48+00:00","description":"Hier finden Sie das Impressum von www.stb-wenndorf.de, Wirtschaftsjuristin, LL.B. Steuerberaterin aus und in Dortmund.....","breadcrumb":{"@id":"https:\/\/www.stb-wenndorf.de\/index.php\/impressum\/#breadcrumb"},"inLanguage":"de","potentialAction":[{"@type":"ReadAction","target":["https:\/\/www.stb-wenndorf.de\/index.php\/impressum\/"]}]},{"@type":"BreadcrumbList","@id":"https:\/\/www.stb-wenndorf.de\/index.php\/impressum\/#breadcrumb","itemListElement":[{"@type":"ListItem","position":1,"name":"Startseite","item":"https:\/\/www.stb-wenndorf.de\/"},{"@type":"ListItem","position":2,"name":"Impressum"}]},{"@type":"WebSite","@id":"https:\/\/www.stb-wenndorf.de\/#website","url":"https:\/\/www.stb-wenndorf.de\/","name":"Steuerberaterin Wenndorf Dortmund","description":"","potentialAction":[{"@type":"SearchAction","target":{"@type":"EntryPoint","urlTemplate":"https:\/\/www.stb-wenndorf.de\/?s={search_term_string}"},"query-input":"required name=search_term_string"}],"inLanguage":"de"}]}},"_links":{"self":[{"href":"https:\/\/www.stb-wenndorf.de\/index.php\/wp-json\/wp\/v2\/pages\/3257"}],"collection":[{"href":"https:\/\/www.stb-wenndorf.de\/index.php\/wp-json\/wp\/v2\/pages"}],"about":[{"href":"https:\/\/www.stb-wenndorf.de\/index.php\/wp-json\/wp\/v2\/types\/page"}],"author":[{"embeddable":true,"href":"https:\/\/www.stb-wenndorf.de\/index.php\/wp-json\/wp\/v2\/users\/1"}],"replies":[{"embeddable":true,"href":"https:\/\/www.stb-wenndorf.de\/index.php\/wp-json\/wp\/v2\/comments?post=3257"}],"version-history":[{"count":25,"href":"https:\/\/www.stb-wenndorf.de\/index.php\/wp-json\/wp\/v2\/pages\/3257\/revisions"}],"predecessor-version":[{"id":3642,"href":"https:\/\/www.stb-wenndorf.de\/index.php\/wp-json\/wp\/v2\/pages\/3257\/revisions\/3642"}],"wp:attachment":[{"href":"https:\/\/www.stb-wenndorf.de\/index.php\/wp-json\/wp\/v2\/media?parent=3257"}],"curies":[{"name":"wp","href":"https:\/\/api.w.org\/{rel}","templated":true}]}}