{"id":3259,"date":"2017-09-27T08:55:48","date_gmt":"2017-09-27T08:55:48","guid":{"rendered":"https:\/\/www.stb-wenndorf.de\/?page_id=3259"},"modified":"2017-12-25T07:23:31","modified_gmt":"2017-12-25T07:23:31","slug":"ueber-mich","status":"publish","type":"page","link":"https:\/\/www.stb-wenndorf.de\/index.php\/ueber-mich\/","title":{"rendered":"\u00dcber mich"},"content":{"rendered":"<div class=\"flex_column av_one_full  flex_column_div av-zero-column-padding first  \" style='border-radius:0px; '><section class=\"av_textblock_section\"  itemscope=\"itemscope\" itemtype=\"https:\/\/schema.org\/CreativeWork\" ><div class='avia_textblock '   itemprop=\"text\" ><p>Durch meine Qualifikation und meine langj\u00e4hrige T\u00e4tigkeit in einer mittelst\u00e4ndischen Wirtschaftspr\u00fcfungsgesellschaft bin ich Ihr vertrauensvoller Ansprechpartner in allen steuerlichen Angelegenheiten.<\/p>\n<p><strong>Kurz zu meiner Person:<\/strong> <img decoding=\"async\" loading=\"lazy\" class=\"alignleft wp-image-3375 size-medium\" title=\"Steuerberater Dortmund\" src=\"https:\/\/www.stb-wenndorf.de\/wp-content\/uploads\/2017\/09\/steuerberater-dortmund-198x300.jpg\" alt=\"\" width=\"198\" height=\"300\" srcset=\"https:\/\/www.stb-wenndorf.de\/wp-content\/uploads\/2017\/09\/steuerberater-dortmund-198x300.jpg 198w, https:\/\/www.stb-wenndorf.de\/wp-content\/uploads\/2017\/09\/steuerberater-dortmund-13x20.jpg 13w, https:\/\/www.stb-wenndorf.de\/wp-content\/uploads\/2017\/09\/steuerberater-dortmund.jpg 300w\" sizes=\"(max-width: 198px) 100vw, 198px\" \/><\/p>\n<p><strong>2017:<\/strong> Bestellung zur Steuerberaterin vor der Steuerberaterkammer Westfalen-Lippe in M\u00fcnster<\/p>\n<p><strong>Bis 2016<\/strong>: Langj\u00e4hrige T\u00e4tigkeit in der Steuerabteilung einer mittelst\u00e4ndischen Wirtschaftspr\u00fcfungsgesellschaft in D\u00fcsseldorf<\/p>\n<p><strong>Bis 2011:<\/strong> Studium des Wirtschaftsrechts an der Westf\u00e4lischen Hochschule in Recklinghausen<\/p>\n<p><strong>Bis 2008:<\/strong> Ausbildung zur Rechtsanwalts- und Notarfachangestellten in Bochum<\/p>\n<p>Geboren bin ich im Jahr 1985 in Herne. Die Neugierde auf das Berufsleben hat mich zun\u00e4chst zum Abschluss einer Berufsausbildung zur Rechtsanwalts- und Notarfachangestellten in Bochum gef\u00fchrt. Bereits w\u00e4hrend der Berufsausbildung habe ich mein gro\u00dfes Interesse an rechtlichen Fragestellungen und Probleml\u00f6sungen entdeckt, sodass ich im Anschluss daran an der Westf\u00e4lischen Hochschule Wirtschaftsrecht studiert habe. Mit den Schwerpunkten \u201eSteuern und Finanzen\u201c habe ich das Studium im Jahr 2011 erfolgreich als \u201eBachelor of Laws\u201c abgeschlossen.<\/p>\n<p>Nach dem Studium habe ich mehrere Jahre in der Steuerabteilung einer mittelst\u00e4ndischen Wirtschaftspr\u00fcfungsgesellschaft in D\u00fcsseldorf gearbeitet. Einen besonderen Fokus meiner T\u00e4tigkeit stellte die steuerliche und betriebswirtschaftliche Beratung von Unternehmen des Non-Profit-Bereichs dar.<\/p>\n<p>Im Jahr 2017 bin ich von der Steuerberaterkammer Westfallen-Lippe zur Steuerberaterin bestellt worden und seitdem als selbst\u00e4ndige Steuerberaterin im Dortmunder Kaiserviertel t\u00e4tig.<\/p>\n<p><strong>Ich freue mich auf Ihre Kontaktaufnahme!<\/strong><\/p>\n<\/div><\/section><\/div><div class=\"flex_column av_one_full  flex_column_div av-zero-column-padding first  \" style='border-radius:0px; '><section class=\"av_textblock_section\"  itemscope=\"itemscope\" itemtype=\"https:\/\/schema.org\/CreativeWork\" ><div class='avia_textblock '   itemprop=\"text\" ><p><!-- ProvenExpert Bewertungssiegel --><\/p>\n<div id=\"pewl\"><\/div>\n<p><script type=\"text\/javascript\" src=\"https:\/\/www.provenexpert.com\/widget\/landing_steuerberaterin-jennifer-wenndorf.js?feedback=1&#038;avatar=0&#038;competence=1&#038;style=black\"><\/script><br \/>\n<!-- ProvenExpert Bewertungssiegel Ende --><\/p>\n<\/div><\/section><\/div><\/p>\n","protected":false},"excerpt":{"rendered":"","protected":false},"author":1,"featured_media":0,"parent":0,"menu_order":0,"comment_status":"closed","ping_status":"closed","template":"","meta":[],"yoast_head":"<!-- This site is optimized with the Yoast SEO plugin v20.0 - https:\/\/yoast.com\/wordpress\/plugins\/seo\/ -->\n<title>\u00dcber mich - Steuerberaterin Wenndorf in Dortmund<\/title>\n<meta name=\"description\" content=\"\u00dcber mich: Durch meine Qualifikation und meine langj\u00e4hrige T\u00e4tigkeit in einer mittelst\u00e4ndischen Wirtschaftspr\u00fcfungsgesellschaft bin ich Ihr ....\" \/>\n<meta name=\"robots\" content=\"index, follow, max-snippet:-1, max-image-preview:large, max-video-preview:-1\" \/>\n<link rel=\"canonical\" href=\"https:\/\/www.stb-wenndorf.de\/index.php\/ueber-mich\/\" \/>\n<meta property=\"og:locale\" content=\"de_DE\" \/>\n<meta property=\"og:type\" content=\"article\" \/>\n<meta property=\"og:title\" content=\"\u00dcber mich - Steuerberaterin Wenndorf in Dortmund\" \/>\n<meta property=\"og:description\" content=\"\u00dcber mich: Durch meine Qualifikation und meine langj\u00e4hrige T\u00e4tigkeit in einer mittelst\u00e4ndischen Wirtschaftspr\u00fcfungsgesellschaft bin ich Ihr ....\" \/>\n<meta property=\"og:url\" content=\"https:\/\/www.stb-wenndorf.de\/index.php\/ueber-mich\/\" \/>\n<meta property=\"og:site_name\" content=\"Steuerberaterin Wenndorf Dortmund\" \/>\n<meta property=\"article:modified_time\" content=\"2017-12-25T07:23:31+00:00\" \/>\n<meta property=\"og:image\" content=\"https:\/\/www.stb-wenndorf.de\/wp-content\/uploads\/2017\/09\/steuerberater-dortmund-198x300.jpg\" \/>\n<meta name=\"twitter:card\" content=\"summary_large_image\" \/>\n<meta name=\"twitter:label1\" content=\"Gesch\u00e4tzte Lesezeit\" \/>\n\t<meta name=\"twitter:data1\" content=\"2\u00a0Minuten\" \/>\n<script type=\"application\/ld+json\" class=\"yoast-schema-graph\">{\"@context\":\"https:\/\/schema.org\",\"@graph\":[{\"@type\":\"WebPage\",\"@id\":\"https:\/\/www.stb-wenndorf.de\/index.php\/ueber-mich\/\",\"url\":\"https:\/\/www.stb-wenndorf.de\/index.php\/ueber-mich\/\",\"name\":\"\u00dcber mich - Steuerberaterin Wenndorf in Dortmund\",\"isPartOf\":{\"@id\":\"https:\/\/www.stb-wenndorf.de\/#website\"},\"datePublished\":\"2017-09-27T08:55:48+00:00\",\"dateModified\":\"2017-12-25T07:23:31+00:00\",\"description\":\"\u00dcber mich: Durch meine Qualifikation und meine langj\u00e4hrige T\u00e4tigkeit in einer mittelst\u00e4ndischen Wirtschaftspr\u00fcfungsgesellschaft bin ich Ihr ....\",\"breadcrumb\":{\"@id\":\"https:\/\/www.stb-wenndorf.de\/index.php\/ueber-mich\/#breadcrumb\"},\"inLanguage\":\"de\",\"potentialAction\":[{\"@type\":\"ReadAction\",\"target\":[\"https:\/\/www.stb-wenndorf.de\/index.php\/ueber-mich\/\"]}]},{\"@type\":\"BreadcrumbList\",\"@id\":\"https:\/\/www.stb-wenndorf.de\/index.php\/ueber-mich\/#breadcrumb\",\"itemListElement\":[{\"@type\":\"ListItem\",\"position\":1,\"name\":\"Startseite\",\"item\":\"https:\/\/www.stb-wenndorf.de\/\"},{\"@type\":\"ListItem\",\"position\":2,\"name\":\"\u00dcber mich\"}]},{\"@type\":\"WebSite\",\"@id\":\"https:\/\/www.stb-wenndorf.de\/#website\",\"url\":\"https:\/\/www.stb-wenndorf.de\/\",\"name\":\"Steuerberaterin Wenndorf Dortmund\",\"description\":\"\",\"potentialAction\":[{\"@type\":\"SearchAction\",\"target\":{\"@type\":\"EntryPoint\",\"urlTemplate\":\"https:\/\/www.stb-wenndorf.de\/?s={search_term_string}\"},\"query-input\":\"required name=search_term_string\"}],\"inLanguage\":\"de\"}]}<\/script>\n<!-- \/ Yoast SEO plugin. -->","yoast_head_json":{"title":"\u00dcber mich - Steuerberaterin Wenndorf in Dortmund","description":"\u00dcber mich: Durch meine Qualifikation und meine langj\u00e4hrige T\u00e4tigkeit in einer mittelst\u00e4ndischen Wirtschaftspr\u00fcfungsgesellschaft bin ich Ihr ....","robots":{"index":"index","follow":"follow","max-snippet":"max-snippet:-1","max-image-preview":"max-image-preview:large","max-video-preview":"max-video-preview:-1"},"canonical":"https:\/\/www.stb-wenndorf.de\/index.php\/ueber-mich\/","og_locale":"de_DE","og_type":"article","og_title":"\u00dcber mich - Steuerberaterin Wenndorf in Dortmund","og_description":"\u00dcber mich: Durch meine Qualifikation und meine langj\u00e4hrige T\u00e4tigkeit in einer mittelst\u00e4ndischen Wirtschaftspr\u00fcfungsgesellschaft bin ich Ihr ....","og_url":"https:\/\/www.stb-wenndorf.de\/index.php\/ueber-mich\/","og_site_name":"Steuerberaterin Wenndorf Dortmund","article_modified_time":"2017-12-25T07:23:31+00:00","og_image":[{"url":"https:\/\/www.stb-wenndorf.de\/wp-content\/uploads\/2017\/09\/steuerberater-dortmund-198x300.jpg"}],"twitter_card":"summary_large_image","twitter_misc":{"Gesch\u00e4tzte Lesezeit":"2\u00a0Minuten"},"schema":{"@context":"https:\/\/schema.org","@graph":[{"@type":"WebPage","@id":"https:\/\/www.stb-wenndorf.de\/index.php\/ueber-mich\/","url":"https:\/\/www.stb-wenndorf.de\/index.php\/ueber-mich\/","name":"\u00dcber mich - Steuerberaterin Wenndorf in Dortmund","isPartOf":{"@id":"https:\/\/www.stb-wenndorf.de\/#website"},"datePublished":"2017-09-27T08:55:48+00:00","dateModified":"2017-12-25T07:23:31+00:00","description":"\u00dcber mich: Durch meine Qualifikation und meine langj\u00e4hrige T\u00e4tigkeit in einer mittelst\u00e4ndischen Wirtschaftspr\u00fcfungsgesellschaft bin ich Ihr ....","breadcrumb":{"@id":"https:\/\/www.stb-wenndorf.de\/index.php\/ueber-mich\/#breadcrumb"},"inLanguage":"de","potentialAction":[{"@type":"ReadAction","target":["https:\/\/www.stb-wenndorf.de\/index.php\/ueber-mich\/"]}]},{"@type":"BreadcrumbList","@id":"https:\/\/www.stb-wenndorf.de\/index.php\/ueber-mich\/#breadcrumb","itemListElement":[{"@type":"ListItem","position":1,"name":"Startseite","item":"https:\/\/www.stb-wenndorf.de\/"},{"@type":"ListItem","position":2,"name":"\u00dcber mich"}]},{"@type":"WebSite","@id":"https:\/\/www.stb-wenndorf.de\/#website","url":"https:\/\/www.stb-wenndorf.de\/","name":"Steuerberaterin Wenndorf Dortmund","description":"","potentialAction":[{"@type":"SearchAction","target":{"@type":"EntryPoint","urlTemplate":"https:\/\/www.stb-wenndorf.de\/?s={search_term_string}"},"query-input":"required name=search_term_string"}],"inLanguage":"de"}]}},"_links":{"self":[{"href":"https:\/\/www.stb-wenndorf.de\/index.php\/wp-json\/wp\/v2\/pages\/3259"}],"collection":[{"href":"https:\/\/www.stb-wenndorf.de\/index.php\/wp-json\/wp\/v2\/pages"}],"about":[{"href":"https:\/\/www.stb-wenndorf.de\/index.php\/wp-json\/wp\/v2\/types\/page"}],"author":[{"embeddable":true,"href":"https:\/\/www.stb-wenndorf.de\/index.php\/wp-json\/wp\/v2\/users\/1"}],"replies":[{"embeddable":true,"href":"https:\/\/www.stb-wenndorf.de\/index.php\/wp-json\/wp\/v2\/comments?post=3259"}],"version-history":[{"count":7,"href":"https:\/\/www.stb-wenndorf.de\/index.php\/wp-json\/wp\/v2\/pages\/3259\/revisions"}],"predecessor-version":[{"id":3552,"href":"https:\/\/www.stb-wenndorf.de\/index.php\/wp-json\/wp\/v2\/pages\/3259\/revisions\/3552"}],"wp:attachment":[{"href":"https:\/\/www.stb-wenndorf.de\/index.php\/wp-json\/wp\/v2\/media?parent=3259"}],"curies":[{"name":"wp","href":"https:\/\/api.w.org\/{rel}","templated":true}]}}