{"id":3389,"date":"2017-11-10T17:43:01","date_gmt":"2017-11-10T17:43:01","guid":{"rendered":"https:\/\/www.stb-wenndorf.de\/?page_id=3389"},"modified":"2022-12-07T18:19:16","modified_gmt":"2022-12-07T18:19:16","slug":"datev-unternehmen-online","status":"publish","type":"page","link":"https:\/\/www.stb-wenndorf.de\/index.php\/datev-unternehmen-online\/","title":{"rendered":"DATEV Unternehmen Online"},"content":{"rendered":"<section class=\"av_textblock_section\"  itemscope=\"itemscope\" itemtype=\"https:\/\/schema.org\/CreativeWork\" ><div class='avia_textblock '   itemprop=\"text\" ><p><img decoding=\"async\" loading=\"lazy\" class=\"alignnone size-full wp-image-3434\" src=\"https:\/\/www.stb-wenndorf.de\/wp-content\/uploads\/2017\/11\/datev-unternehmen-online.jpg\" alt=\"\" width=\"636\" height=\"203\" srcset=\"https:\/\/www.stb-wenndorf.de\/wp-content\/uploads\/2017\/11\/datev-unternehmen-online.jpg 636w, https:\/\/www.stb-wenndorf.de\/wp-content\/uploads\/2017\/11\/datev-unternehmen-online-300x96.jpg 300w, https:\/\/www.stb-wenndorf.de\/wp-content\/uploads\/2017\/11\/datev-unternehmen-online-450x144.jpg 450w, https:\/\/www.stb-wenndorf.de\/wp-content\/uploads\/2017\/11\/datev-unternehmen-online-20x6.jpg 20w\" sizes=\"(max-width: 636px) 100vw, 636px\" \/><br \/>\n<!-- END - DATEV E-CONTENT --><\/p>\n<h5>F\u00fcr optimale Ergebnisse ist eine gut organisierte Zusammenarbeit notwendig. Das gilt auch f\u00fcr die Buchf\u00fchrung. Der digitale Belegaustausch bietet uns die perfekte Basis, um Sie individuell zu beraten \u2013 Ihnen bleibt mehr Zeit, sich um Ihr Kerngesch\u00e4ft zu k\u00fcmmern.<\/h5>\n<p><em><strong>\u00a0<\/strong><\/em><\/p>\n<ul>\n<li>Suchen Sie eine moderne und dynamische Steuerkanzlei an Ihrer Seite?<\/li>\n<li>M\u00f6chten Sie jederzeit \u00fcber Ihr Smartphone\/Tablet\/PC Zugriff auf Ihre Buchhaltung haben?<\/li>\n<li>Wollen Sie nicht lange auf Ihre BWA warten, sondern jederzeit auf die aktuellen Auswertungen zugreifen k\u00f6nnen?<\/li>\n<li>Bei Bedarf erweiterbar um Module wie Zahlungsverkehr, GoBD-konformes Kassenbuch sowie das Portal \u201eArbeitnehmer online\u201c, \u00fcber das Besch\u00e4ftigte z.B. ihre Lohnabrechnung abrufen k\u00f6nnen.<\/li>\n<\/ul>\n<h2><strong>Ihre Vorteile mit DATEV Unternehmen Online<\/strong><\/h2>\n<ul>\n<li>Originalbelege verbleiben in Ihrem Unternehmen \u2013 Sie scannen die Belege und laden diese im DATEV-Rechenzentrum hoch<\/li>\n<li>Zusammenstellung eines Pendelordners entf\u00e4llt<\/li>\n<li>Nutzung des DATEV-Rechenzentrums als (revisionssicheres) Archiv<\/li>\n<li>Digitales Archiv erleichtert den Zugriff auf s\u00e4mtliche Buchf\u00fchrungsdaten<\/li>\n<li>Optimierung des Zahlungsprozesses und der Liquidit\u00e4t durch den kompletten \u00dcberblick aller Lieferanten- und Kundenrechnungen<\/li>\n<li>Buchung der Belege in der von Ihnen gew\u00fcnschten Zeit \u2013 bis hin zur t\u00e4glichen Buchung<\/li>\n<li>Aktuelle Zahlen via E-Mail (ohne Postweg) zur Unternehmenssteuerung durch individuelle Auswertungen zus\u00e4tzlich zur betriebswirtschaftlichen Auswertung \u2013 BWA, Summen- und Saldenliste, Offene Postenlisten mit entsprechenden F\u00e4lligkeiten zur Pr\u00fcfung der Zahlungseing\u00e4nge und der Liquidit\u00e4t<\/li>\n<\/ul>\n<h2><\/h2>\n<p>M\u00f6chten Sie DATEV Unternehmen online f\u00fcr Ihr Unternehmen nutzen? <a href=\"https:\/\/www.stb-wenndorf.de\/index.php\/kontakt\/\">Dann sprechen Sie uns einfach an \u2013 wir beraten Sie gerne!<\/a><\/p>\n<h2><\/h2>\n<\/div><\/section>\n<section class=\"av_textblock_section\"  itemscope=\"itemscope\" itemtype=\"https:\/\/schema.org\/CreativeWork\" ><div class='avia_textblock '   itemprop=\"text\" ><p><!-- ProvenExpert Bewertungssiegel --><\/p>\n<div id=\"pewl\"><\/div>\n<p><script type=\"text\/javascript\" src=\"https:\/\/www.provenexpert.com\/widget\/landing_steuerberaterin-jennifer-wenndorf.js?feedback=1&#038;avatar=0&#038;competence=1&#038;style=black\"><\/script><br \/>\n<!-- ProvenExpert Bewertungssiegel Ende --><\/p>\n<\/div><\/section>\n","protected":false},"excerpt":{"rendered":"","protected":false},"author":1,"featured_media":0,"parent":0,"menu_order":0,"comment_status":"closed","ping_status":"closed","template":"","meta":[],"yoast_head":"<!-- This site is optimized with the Yoast SEO plugin v20.0 - https:\/\/yoast.com\/wordpress\/plugins\/seo\/ -->\n<title>DATEV Unternehmen Online -- Steuerberater Dortmund<\/title>\n<meta name=\"description\" content=\"DATEV Unternehmen Online. F\u00fcr optimale Ergebnisse ist eine gut organisierte Zusammenarbeit notwendig. Wir beraten Sie diesbez\u00fcglich gerne!\" \/>\n<meta name=\"robots\" content=\"index, follow, max-snippet:-1, max-image-preview:large, max-video-preview:-1\" \/>\n<link rel=\"canonical\" href=\"https:\/\/www.stb-wenndorf.de\/index.php\/datev-unternehmen-online\/\" \/>\n<meta property=\"og:locale\" content=\"de_DE\" \/>\n<meta property=\"og:type\" content=\"article\" \/>\n<meta property=\"og:title\" content=\"DATEV Unternehmen Online -- Steuerberater Dortmund\" \/>\n<meta property=\"og:description\" content=\"DATEV Unternehmen Online. F\u00fcr optimale Ergebnisse ist eine gut organisierte Zusammenarbeit notwendig. Wir beraten Sie diesbez\u00fcglich gerne!\" \/>\n<meta property=\"og:url\" content=\"https:\/\/www.stb-wenndorf.de\/index.php\/datev-unternehmen-online\/\" \/>\n<meta property=\"og:site_name\" content=\"Steuerberaterin Wenndorf Dortmund\" \/>\n<meta property=\"article:modified_time\" content=\"2022-12-07T18:19:16+00:00\" \/>\n<meta property=\"og:image\" content=\"https:\/\/www.stb-wenndorf.de\/wp-content\/uploads\/2017\/11\/datev-unternehmen-online.jpg\" \/>\n<meta name=\"twitter:card\" content=\"summary_large_image\" \/>\n<meta name=\"twitter:label1\" content=\"Gesch\u00e4tzte Lesezeit\" \/>\n\t<meta name=\"twitter:data1\" content=\"2\u00a0Minuten\" \/>\n<script type=\"application\/ld+json\" class=\"yoast-schema-graph\">{\"@context\":\"https:\/\/schema.org\",\"@graph\":[{\"@type\":\"WebPage\",\"@id\":\"https:\/\/www.stb-wenndorf.de\/index.php\/datev-unternehmen-online\/\",\"url\":\"https:\/\/www.stb-wenndorf.de\/index.php\/datev-unternehmen-online\/\",\"name\":\"DATEV Unternehmen Online -- Steuerberater Dortmund\",\"isPartOf\":{\"@id\":\"https:\/\/www.stb-wenndorf.de\/#website\"},\"datePublished\":\"2017-11-10T17:43:01+00:00\",\"dateModified\":\"2022-12-07T18:19:16+00:00\",\"description\":\"DATEV Unternehmen Online. F\u00fcr optimale Ergebnisse ist eine gut organisierte Zusammenarbeit notwendig. Wir beraten Sie diesbez\u00fcglich gerne!\",\"breadcrumb\":{\"@id\":\"https:\/\/www.stb-wenndorf.de\/index.php\/datev-unternehmen-online\/#breadcrumb\"},\"inLanguage\":\"de\",\"potentialAction\":[{\"@type\":\"ReadAction\",\"target\":[\"https:\/\/www.stb-wenndorf.de\/index.php\/datev-unternehmen-online\/\"]}]},{\"@type\":\"BreadcrumbList\",\"@id\":\"https:\/\/www.stb-wenndorf.de\/index.php\/datev-unternehmen-online\/#breadcrumb\",\"itemListElement\":[{\"@type\":\"ListItem\",\"position\":1,\"name\":\"Startseite\",\"item\":\"https:\/\/www.stb-wenndorf.de\/\"},{\"@type\":\"ListItem\",\"position\":2,\"name\":\"DATEV Unternehmen Online\"}]},{\"@type\":\"WebSite\",\"@id\":\"https:\/\/www.stb-wenndorf.de\/#website\",\"url\":\"https:\/\/www.stb-wenndorf.de\/\",\"name\":\"Steuerberaterin Wenndorf Dortmund\",\"description\":\"\",\"potentialAction\":[{\"@type\":\"SearchAction\",\"target\":{\"@type\":\"EntryPoint\",\"urlTemplate\":\"https:\/\/www.stb-wenndorf.de\/?s={search_term_string}\"},\"query-input\":\"required name=search_term_string\"}],\"inLanguage\":\"de\"}]}<\/script>\n<!-- \/ Yoast SEO plugin. -->","yoast_head_json":{"title":"DATEV Unternehmen Online -- Steuerberater Dortmund","description":"DATEV Unternehmen Online. F\u00fcr optimale Ergebnisse ist eine gut organisierte Zusammenarbeit notwendig. Wir beraten Sie diesbez\u00fcglich gerne!","robots":{"index":"index","follow":"follow","max-snippet":"max-snippet:-1","max-image-preview":"max-image-preview:large","max-video-preview":"max-video-preview:-1"},"canonical":"https:\/\/www.stb-wenndorf.de\/index.php\/datev-unternehmen-online\/","og_locale":"de_DE","og_type":"article","og_title":"DATEV Unternehmen Online -- Steuerberater Dortmund","og_description":"DATEV Unternehmen Online. F\u00fcr optimale Ergebnisse ist eine gut organisierte Zusammenarbeit notwendig. Wir beraten Sie diesbez\u00fcglich gerne!","og_url":"https:\/\/www.stb-wenndorf.de\/index.php\/datev-unternehmen-online\/","og_site_name":"Steuerberaterin Wenndorf Dortmund","article_modified_time":"2022-12-07T18:19:16+00:00","og_image":[{"url":"https:\/\/www.stb-wenndorf.de\/wp-content\/uploads\/2017\/11\/datev-unternehmen-online.jpg"}],"twitter_card":"summary_large_image","twitter_misc":{"Gesch\u00e4tzte Lesezeit":"2\u00a0Minuten"},"schema":{"@context":"https:\/\/schema.org","@graph":[{"@type":"WebPage","@id":"https:\/\/www.stb-wenndorf.de\/index.php\/datev-unternehmen-online\/","url":"https:\/\/www.stb-wenndorf.de\/index.php\/datev-unternehmen-online\/","name":"DATEV Unternehmen Online -- Steuerberater Dortmund","isPartOf":{"@id":"https:\/\/www.stb-wenndorf.de\/#website"},"datePublished":"2017-11-10T17:43:01+00:00","dateModified":"2022-12-07T18:19:16+00:00","description":"DATEV Unternehmen Online. F\u00fcr optimale Ergebnisse ist eine gut organisierte Zusammenarbeit notwendig. Wir beraten Sie diesbez\u00fcglich gerne!","breadcrumb":{"@id":"https:\/\/www.stb-wenndorf.de\/index.php\/datev-unternehmen-online\/#breadcrumb"},"inLanguage":"de","potentialAction":[{"@type":"ReadAction","target":["https:\/\/www.stb-wenndorf.de\/index.php\/datev-unternehmen-online\/"]}]},{"@type":"BreadcrumbList","@id":"https:\/\/www.stb-wenndorf.de\/index.php\/datev-unternehmen-online\/#breadcrumb","itemListElement":[{"@type":"ListItem","position":1,"name":"Startseite","item":"https:\/\/www.stb-wenndorf.de\/"},{"@type":"ListItem","position":2,"name":"DATEV Unternehmen Online"}]},{"@type":"WebSite","@id":"https:\/\/www.stb-wenndorf.de\/#website","url":"https:\/\/www.stb-wenndorf.de\/","name":"Steuerberaterin Wenndorf Dortmund","description":"","potentialAction":[{"@type":"SearchAction","target":{"@type":"EntryPoint","urlTemplate":"https:\/\/www.stb-wenndorf.de\/?s={search_term_string}"},"query-input":"required name=search_term_string"}],"inLanguage":"de"}]}},"_links":{"self":[{"href":"https:\/\/www.stb-wenndorf.de\/index.php\/wp-json\/wp\/v2\/pages\/3389"}],"collection":[{"href":"https:\/\/www.stb-wenndorf.de\/index.php\/wp-json\/wp\/v2\/pages"}],"about":[{"href":"https:\/\/www.stb-wenndorf.de\/index.php\/wp-json\/wp\/v2\/types\/page"}],"author":[{"embeddable":true,"href":"https:\/\/www.stb-wenndorf.de\/index.php\/wp-json\/wp\/v2\/users\/1"}],"replies":[{"embeddable":true,"href":"https:\/\/www.stb-wenndorf.de\/index.php\/wp-json\/wp\/v2\/comments?post=3389"}],"version-history":[{"count":23,"href":"https:\/\/www.stb-wenndorf.de\/index.php\/wp-json\/wp\/v2\/pages\/3389\/revisions"}],"predecessor-version":[{"id":3635,"href":"https:\/\/www.stb-wenndorf.de\/index.php\/wp-json\/wp\/v2\/pages\/3389\/revisions\/3635"}],"wp:attachment":[{"href":"https:\/\/www.stb-wenndorf.de\/index.php\/wp-json\/wp\/v2\/media?parent=3389"}],"curies":[{"name":"wp","href":"https:\/\/api.w.org\/{rel}","templated":true}]}}