{"id":3391,"date":"2017-11-10T17:43:28","date_gmt":"2017-11-10T17:43:28","guid":{"rendered":"https:\/\/www.stb-wenndorf.de\/?page_id=3391"},"modified":"2017-12-25T07:17:15","modified_gmt":"2017-12-25T07:17:15","slug":"datev-arbeitnehmer-online","status":"publish","type":"page","link":"https:\/\/www.stb-wenndorf.de\/index.php\/datev-arbeitnehmer-online\/","title":{"rendered":"DATEV Arbeitnehmer Online"},"content":{"rendered":"<section class=\"av_textblock_section\"  itemscope=\"itemscope\" itemtype=\"https:\/\/schema.org\/CreativeWork\" ><div class='avia_textblock '   itemprop=\"text\" ><h5><img decoding=\"async\" loading=\"lazy\" class=\"alignnone wp-image-3426 size-full\" src=\"https:\/\/www.stb-wenndorf.de\/wp-content\/uploads\/2017\/11\/lohn-und-gehaltsdokumente-online-zustellen.jpg\" alt=\"\" width=\"628\" height=\"198\" srcset=\"https:\/\/www.stb-wenndorf.de\/wp-content\/uploads\/2017\/11\/lohn-und-gehaltsdokumente-online-zustellen.jpg 628w, https:\/\/www.stb-wenndorf.de\/wp-content\/uploads\/2017\/11\/lohn-und-gehaltsdokumente-online-zustellen-300x95.jpg 300w, https:\/\/www.stb-wenndorf.de\/wp-content\/uploads\/2017\/11\/lohn-und-gehaltsdokumente-online-zustellen-450x142.jpg 450w, https:\/\/www.stb-wenndorf.de\/wp-content\/uploads\/2017\/11\/lohn-und-gehaltsdokumente-online-zustellen-20x6.jpg 20w\" sizes=\"(max-width: 628px) 100vw, 628px\" \/><\/h5>\n<p>Stellen Sie mit DATEV Arbeitnehmer online Ihren Mitarbeitern wichtige Lohndokumente einfach, komfortabel und sicher online zur Verf\u00fcgung.<\/p>\n<h3><\/h3>\n<ul>\n<li><strong>Mehr Unabh\u00e4ngigkeit:<\/strong><br \/>\nSie stellen Lohn- und Gehaltsdokumente bequem, schnell und unabh\u00e4ngig vom Postweg online bereit.<\/li>\n<li><strong>Sicherheit ohne Kompromisse:<\/strong><br \/>\nF\u00fcr maximale Sicherheit sorgt das DATEV-Rechenzentrum. Zudem stellen zwei unterschiedliche Zugangsverfahren zum Portal sicher, dass nur der jeweilige Mitarbeiter auf seine Daten zugreifen kann.<\/li>\n<li><strong>Bessere \u00dcbersicht:<\/strong><br \/>\nDie Ablage der Lohn- und Gehaltsdokumente erfolgt komplett digital und \u00c4nderungen k\u00f6nnen im Zeitverlauf auf einen Blick \u00fcberpr\u00fcft werden.<\/li>\n<li><strong>Mehr Durchg\u00e4ngigkeit:<\/strong><br \/>\nDurch Arbeitnehmer online erg\u00e4nzen Sie durchg\u00e4ngig Ihre papierlosen Prozesse.<\/li>\n<li><strong>Kosteneinsparung:<\/strong><br \/>\nSparen Sie den Postversand und gleichzeitig wertvolle Zeit.<\/li>\n<\/ul>\n<p>M\u00f6chten Sie DATEV Arbeitnehmer online in Ihrem Unternehmen nutzen?<a href=\"https:\/\/www.stb-wenndorf.de\/index.php\/kontakt\/\"> Dann sprechen Sie uns einfach an \u2013 wir beraten Sie gerne<\/a>!<\/p>\n<h3><\/h3>\n<\/div><\/section>\n<section class=\"av_textblock_section\"  itemscope=\"itemscope\" itemtype=\"https:\/\/schema.org\/CreativeWork\" ><div class='avia_textblock '   itemprop=\"text\" ><p><!-- ProvenExpert Bewertungssiegel --><\/p>\n<div id=\"pewl\"><\/div>\n<p><script type=\"text\/javascript\" src=\"https:\/\/www.provenexpert.com\/widget\/landing_steuerberaterin-jennifer-wenndorf.js?feedback=1&#038;avatar=0&#038;competence=1&#038;style=black\"><\/script><br \/>\n<!-- ProvenExpert Bewertungssiegel Ende --><\/p>\n<\/div><\/section>\n","protected":false},"excerpt":{"rendered":"","protected":false},"author":1,"featured_media":0,"parent":0,"menu_order":0,"comment_status":"closed","ping_status":"closed","template":"","meta":[],"yoast_head":"<!-- This site is optimized with the Yoast SEO plugin v20.0 - https:\/\/yoast.com\/wordpress\/plugins\/seo\/ -->\n<title>Datev Arbeitnehmer Online -- Steuerberater Dortmund<\/title>\n<meta name=\"description\" content=\"Stellen Sie mit Datev Arbeitnehmer online ihren Mitarbeitern wichtige Lohndokumente einfach, und sicher online zur Verf\u00fcgung. Ihre Vorteile...\" \/>\n<meta name=\"robots\" content=\"index, follow, max-snippet:-1, max-image-preview:large, max-video-preview:-1\" \/>\n<link rel=\"canonical\" href=\"https:\/\/www.stb-wenndorf.de\/index.php\/datev-arbeitnehmer-online\/\" \/>\n<meta property=\"og:locale\" content=\"de_DE\" \/>\n<meta property=\"og:type\" content=\"article\" \/>\n<meta property=\"og:title\" content=\"Datev Arbeitnehmer Online -- Steuerberater Dortmund\" \/>\n<meta property=\"og:description\" content=\"Stellen Sie mit Datev Arbeitnehmer online ihren Mitarbeitern wichtige Lohndokumente einfach, und sicher online zur Verf\u00fcgung. Ihre Vorteile...\" \/>\n<meta property=\"og:url\" content=\"https:\/\/www.stb-wenndorf.de\/index.php\/datev-arbeitnehmer-online\/\" \/>\n<meta property=\"og:site_name\" content=\"Steuerberaterin Wenndorf Dortmund\" \/>\n<meta property=\"article:modified_time\" content=\"2017-12-25T07:17:15+00:00\" \/>\n<meta property=\"og:image\" content=\"https:\/\/www.stb-wenndorf.de\/wp-content\/uploads\/2017\/11\/lohn-und-gehaltsdokumente-online-zustellen.jpg\" \/>\n<meta name=\"twitter:card\" content=\"summary_large_image\" \/>\n<meta name=\"twitter:label1\" content=\"Gesch\u00e4tzte Lesezeit\" \/>\n\t<meta name=\"twitter:data1\" content=\"1\u00a0Minute\" \/>\n<script type=\"application\/ld+json\" class=\"yoast-schema-graph\">{\"@context\":\"https:\/\/schema.org\",\"@graph\":[{\"@type\":\"WebPage\",\"@id\":\"https:\/\/www.stb-wenndorf.de\/index.php\/datev-arbeitnehmer-online\/\",\"url\":\"https:\/\/www.stb-wenndorf.de\/index.php\/datev-arbeitnehmer-online\/\",\"name\":\"Datev Arbeitnehmer Online -- Steuerberater Dortmund\",\"isPartOf\":{\"@id\":\"https:\/\/www.stb-wenndorf.de\/#website\"},\"datePublished\":\"2017-11-10T17:43:28+00:00\",\"dateModified\":\"2017-12-25T07:17:15+00:00\",\"description\":\"Stellen Sie mit Datev Arbeitnehmer online ihren Mitarbeitern wichtige Lohndokumente einfach, und sicher online zur Verf\u00fcgung. Ihre Vorteile...\",\"breadcrumb\":{\"@id\":\"https:\/\/www.stb-wenndorf.de\/index.php\/datev-arbeitnehmer-online\/#breadcrumb\"},\"inLanguage\":\"de\",\"potentialAction\":[{\"@type\":\"ReadAction\",\"target\":[\"https:\/\/www.stb-wenndorf.de\/index.php\/datev-arbeitnehmer-online\/\"]}]},{\"@type\":\"BreadcrumbList\",\"@id\":\"https:\/\/www.stb-wenndorf.de\/index.php\/datev-arbeitnehmer-online\/#breadcrumb\",\"itemListElement\":[{\"@type\":\"ListItem\",\"position\":1,\"name\":\"Startseite\",\"item\":\"https:\/\/www.stb-wenndorf.de\/\"},{\"@type\":\"ListItem\",\"position\":2,\"name\":\"DATEV Arbeitnehmer Online\"}]},{\"@type\":\"WebSite\",\"@id\":\"https:\/\/www.stb-wenndorf.de\/#website\",\"url\":\"https:\/\/www.stb-wenndorf.de\/\",\"name\":\"Steuerberaterin Wenndorf Dortmund\",\"description\":\"\",\"potentialAction\":[{\"@type\":\"SearchAction\",\"target\":{\"@type\":\"EntryPoint\",\"urlTemplate\":\"https:\/\/www.stb-wenndorf.de\/?s={search_term_string}\"},\"query-input\":\"required name=search_term_string\"}],\"inLanguage\":\"de\"}]}<\/script>\n<!-- \/ Yoast SEO plugin. -->","yoast_head_json":{"title":"Datev Arbeitnehmer Online -- Steuerberater Dortmund","description":"Stellen Sie mit Datev Arbeitnehmer online ihren Mitarbeitern wichtige Lohndokumente einfach, und sicher online zur Verf\u00fcgung. Ihre Vorteile...","robots":{"index":"index","follow":"follow","max-snippet":"max-snippet:-1","max-image-preview":"max-image-preview:large","max-video-preview":"max-video-preview:-1"},"canonical":"https:\/\/www.stb-wenndorf.de\/index.php\/datev-arbeitnehmer-online\/","og_locale":"de_DE","og_type":"article","og_title":"Datev Arbeitnehmer Online -- Steuerberater Dortmund","og_description":"Stellen Sie mit Datev Arbeitnehmer online ihren Mitarbeitern wichtige Lohndokumente einfach, und sicher online zur Verf\u00fcgung. Ihre Vorteile...","og_url":"https:\/\/www.stb-wenndorf.de\/index.php\/datev-arbeitnehmer-online\/","og_site_name":"Steuerberaterin Wenndorf Dortmund","article_modified_time":"2017-12-25T07:17:15+00:00","og_image":[{"url":"https:\/\/www.stb-wenndorf.de\/wp-content\/uploads\/2017\/11\/lohn-und-gehaltsdokumente-online-zustellen.jpg"}],"twitter_card":"summary_large_image","twitter_misc":{"Gesch\u00e4tzte Lesezeit":"1\u00a0Minute"},"schema":{"@context":"https:\/\/schema.org","@graph":[{"@type":"WebPage","@id":"https:\/\/www.stb-wenndorf.de\/index.php\/datev-arbeitnehmer-online\/","url":"https:\/\/www.stb-wenndorf.de\/index.php\/datev-arbeitnehmer-online\/","name":"Datev Arbeitnehmer Online -- Steuerberater Dortmund","isPartOf":{"@id":"https:\/\/www.stb-wenndorf.de\/#website"},"datePublished":"2017-11-10T17:43:28+00:00","dateModified":"2017-12-25T07:17:15+00:00","description":"Stellen Sie mit Datev Arbeitnehmer online ihren Mitarbeitern wichtige Lohndokumente einfach, und sicher online zur Verf\u00fcgung. Ihre Vorteile...","breadcrumb":{"@id":"https:\/\/www.stb-wenndorf.de\/index.php\/datev-arbeitnehmer-online\/#breadcrumb"},"inLanguage":"de","potentialAction":[{"@type":"ReadAction","target":["https:\/\/www.stb-wenndorf.de\/index.php\/datev-arbeitnehmer-online\/"]}]},{"@type":"BreadcrumbList","@id":"https:\/\/www.stb-wenndorf.de\/index.php\/datev-arbeitnehmer-online\/#breadcrumb","itemListElement":[{"@type":"ListItem","position":1,"name":"Startseite","item":"https:\/\/www.stb-wenndorf.de\/"},{"@type":"ListItem","position":2,"name":"DATEV Arbeitnehmer Online"}]},{"@type":"WebSite","@id":"https:\/\/www.stb-wenndorf.de\/#website","url":"https:\/\/www.stb-wenndorf.de\/","name":"Steuerberaterin Wenndorf Dortmund","description":"","potentialAction":[{"@type":"SearchAction","target":{"@type":"EntryPoint","urlTemplate":"https:\/\/www.stb-wenndorf.de\/?s={search_term_string}"},"query-input":"required name=search_term_string"}],"inLanguage":"de"}]}},"_links":{"self":[{"href":"https:\/\/www.stb-wenndorf.de\/index.php\/wp-json\/wp\/v2\/pages\/3391"}],"collection":[{"href":"https:\/\/www.stb-wenndorf.de\/index.php\/wp-json\/wp\/v2\/pages"}],"about":[{"href":"https:\/\/www.stb-wenndorf.de\/index.php\/wp-json\/wp\/v2\/types\/page"}],"author":[{"embeddable":true,"href":"https:\/\/www.stb-wenndorf.de\/index.php\/wp-json\/wp\/v2\/users\/1"}],"replies":[{"embeddable":true,"href":"https:\/\/www.stb-wenndorf.de\/index.php\/wp-json\/wp\/v2\/comments?post=3391"}],"version-history":[{"count":17,"href":"https:\/\/www.stb-wenndorf.de\/index.php\/wp-json\/wp\/v2\/pages\/3391\/revisions"}],"predecessor-version":[{"id":3549,"href":"https:\/\/www.stb-wenndorf.de\/index.php\/wp-json\/wp\/v2\/pages\/3391\/revisions\/3549"}],"wp:attachment":[{"href":"https:\/\/www.stb-wenndorf.de\/index.php\/wp-json\/wp\/v2\/media?parent=3391"}],"curies":[{"name":"wp","href":"https:\/\/api.w.org\/{rel}","templated":true}]}}